{"id":998,"date":"2025-05-20T13:50:56","date_gmt":"2025-05-20T11:50:56","guid":{"rendered":"https:\/\/sensorarrays.com.pl\/?page_id=998"},"modified":"2025-05-20T14:25:24","modified_gmt":"2025-05-20T12:25:24","slug":"3d-scaffolds-with-integrated-multielectrode-measurement-setup-for-cell-culture-and-pharmaceutical-applications","status":"publish","type":"page","link":"https:\/\/sensorarrays.com.pl\/?page_id=998","title":{"rendered":"3D scaffolds with integrated multielectrode measurement setup for cell culture and pharmaceutical applications"},"content":{"rendered":"\n<p>Polish title: Tr\u00f3jwymiarowe pod\u0142o\u017ca ze zintegrowanym multielektrodowym uk\u0142adem pomiarowym do zastosowa\u0144 w hodowlach kom\u00f3rkowych i farmacji<\/p>\n\n\n\n<p><strong>Funding source:<\/strong>&nbsp;The National Centre for Research and Development (NCBR)<\/p>\n\n\n\n<p><strong>Project number:<\/strong>&nbsp;LIDER\/38\/0138\/L-9\/17\/NCBR\/2018<\/p>\n\n\n\n<p><strong>PI:<\/strong>&nbsp;Emilia Witkowska Nery<\/p>\n\n\n\n<p><strong>Total funding:<\/strong>&nbsp;1 194&nbsp; 993,75 PLN<\/p>\n\n\n\n<h2 class=\"wp-block-heading\">Short&nbsp;description:<\/h2>\n\n\n<div class=\"wp-block-image\">\n<figure class=\"alignright is-resized\"><a href=\"https:\/\/www.charge-transfer.pl\/wp-content\/uploads\/2018\/09\/LIDER_EWN.jpg\"><img decoding=\"async\" src=\"https:\/\/www.charge-transfer.pl\/wp-content\/uploads\/2018\/09\/LIDER_EWN-500x375.jpg\" alt=\"\" class=\"wp-image-1104\" style=\"width:359px;height:auto\"\/><\/a><\/figure>\n<\/div>\n\n\n<p>3D cell cultures play a critical role in real time studies of mammalian physiology at a cellular level and are postulated to become a bridge between 2D in vitro models and experiments on animals. Models of this kind are able to mimic the in vivo environment, including the hystologic, physiologic and functional properties of the tissues in question, much better than traditionally used planar cultures. This mimicry is attributed mainly to more natural cell-cell and cell-extracellular matrix interactions, which influence gene expression, proliferation, migration and adhesion. However, at present difficulties in analysis of such complex 3D structures and complete lack of possibilities of their automation restrain full emergence of this technology.<\/p>\n\n\n\n<p>The main goal of this project is to develop a versatile platform which enables cell growth and electrochemical analysis in various point of the three dimensional culture. Optical techniques traditionally used to analyze planar cultures, encounter obvious difficulties when applied to imaging of inside of 3D structures. Our system with electrodes integrated at various points of the cell culture scaffold, will allow for viability studies, through measurements of oxygen and glucose consumption as well as analysis of neurotransmitters. Integration of other measurement types is possible in the future. Proposed prototype will be easy to use (at a level of commercial electrophysiology equipment), allow culturing of various cell types, with the use of different hydrogel scaffolds.<\/p>\n\n\n\n<p>Final device will address two main groups i.e. scientists applying cell cultures to develop basic research and pharmaceutical companies. As no similar device exists the outcome of this project could potentially revolutionize the market of 3D cell culture. Given that their applications include cancer and stem cell research, tissue engineering, drug discovery and toxicology testing, an analytical-culturing platform of proposed kind is of utmost importance.<\/p>\n\n\n\n<div class=\"wp-block-columns is-layout-flex wp-container-core-columns-is-layout-9d6595d7 wp-block-columns-is-layout-flex\">\n<div class=\"wp-block-column is-layout-flow wp-block-column-is-layout-flow\">\n<figure class=\"wp-block-embed is-type-wp-embed is-provider-sensor-arrays wp-block-embed-sensor-arrays\"><div class=\"wp-block-embed__wrapper\">\n<blockquote class=\"wp-embedded-content\" data-secret=\"uljKpaxEM4\"><a href=\"https:\/\/sensorarrays.com.pl\/?p=265\">Ela on DECHEMA 3D Cell Culture 2023 conference<\/a><\/blockquote><iframe loading=\"lazy\" class=\"wp-embedded-content\" sandbox=\"allow-scripts\" security=\"restricted\" style=\"position: absolute; visibility: hidden;\" title=\"&#8220;Ela on DECHEMA 3D Cell Culture 2023 conference&#8221; &#8212; Sensor Arrays\" src=\"https:\/\/sensorarrays.com.pl\/?p=265&#038;embed=true#?secret=C9VdviaIPF#?secret=uljKpaxEM4\" data-secret=\"uljKpaxEM4\" width=\"600\" height=\"338\" frameborder=\"0\" marginwidth=\"0\" marginheight=\"0\" scrolling=\"no\"><\/iframe>\n<\/div><\/figure>\n<\/div>\n\n\n\n<div class=\"wp-block-column is-layout-flow wp-block-column-is-layout-flow\">\n<figure class=\"wp-block-embed is-type-wp-embed is-provider-sensor-arrays wp-block-embed-sensor-arrays\"><div class=\"wp-block-embed__wrapper\">\n<blockquote class=\"wp-embedded-content\" data-secret=\"LmhHRVYAkd\"><a href=\"https:\/\/sensorarrays.com.pl\/?p=398\">Karthika&#8217;s article in Lab on a Chip<\/a><\/blockquote><iframe loading=\"lazy\" class=\"wp-embedded-content\" sandbox=\"allow-scripts\" security=\"restricted\" style=\"position: absolute; visibility: hidden;\" title=\"&#8220;Karthika&#8217;s article in Lab on a Chip&#8221; &#8212; Sensor Arrays\" src=\"https:\/\/sensorarrays.com.pl\/?p=398&#038;embed=true#?secret=1pOf89C1OL#?secret=LmhHRVYAkd\" data-secret=\"LmhHRVYAkd\" width=\"600\" height=\"338\" frameborder=\"0\" marginwidth=\"0\" marginheight=\"0\" scrolling=\"no\"><\/iframe>\n<\/div><\/figure>\n<\/div>\n\n\n\n<div class=\"wp-block-column is-layout-flow wp-block-column-is-layout-flow\">\n<figure class=\"wp-block-embed is-type-wp-embed is-provider-sensor-arrays wp-block-embed-sensor-arrays\"><div class=\"wp-block-embed__wrapper\">\n<blockquote class=\"wp-embedded-content\" data-secret=\"Pu1yx33KWi\"><a href=\"https:\/\/sensorarrays.com.pl\/?p=574\">El\u017cbieta wins a scholarship to visit Mackenzie Institute for Research in Graphene and Nanotechnologies<\/a><\/blockquote><iframe loading=\"lazy\" class=\"wp-embedded-content\" sandbox=\"allow-scripts\" security=\"restricted\" style=\"position: absolute; visibility: hidden;\" title=\"&#8220;El\u017cbieta wins a scholarship to visit Mackenzie Institute for Research in Graphene and Nanotechnologies&#8221; &#8212; Sensor Arrays\" src=\"https:\/\/sensorarrays.com.pl\/?p=574&#038;embed=true#?secret=aOSEy4kPkd#?secret=Pu1yx33KWi\" data-secret=\"Pu1yx33KWi\" width=\"600\" height=\"338\" frameborder=\"0\" marginwidth=\"0\" marginheight=\"0\" scrolling=\"no\"><\/iframe>\n<\/div><\/figure>\n<\/div>\n<\/div>\n\n\n\n<div class=\"wp-block-columns is-layout-flex wp-container-core-columns-is-layout-9d6595d7 wp-block-columns-is-layout-flex\">\n<div class=\"wp-block-column is-layout-flow wp-block-column-is-layout-flow\">\n<figure class=\"wp-block-embed is-type-wp-embed is-provider-sensor-arrays wp-block-embed-sensor-arrays\"><div class=\"wp-block-embed__wrapper\">\n<blockquote class=\"wp-embedded-content\" data-secret=\"ITOzdcvRGR\"><a href=\"https:\/\/sensorarrays.com.pl\/?p=600\">Karthika&#8217;s talk and El\u017cbieta&#8217;s poster on the Microsymposium<\/a><\/blockquote><iframe loading=\"lazy\" class=\"wp-embedded-content\" sandbox=\"allow-scripts\" security=\"restricted\" style=\"position: absolute; visibility: hidden;\" title=\"&#8220;Karthika&#8217;s talk and El\u017cbieta&#8217;s poster on the Microsymposium&#8221; &#8212; Sensor Arrays\" src=\"https:\/\/sensorarrays.com.pl\/?p=600&#038;embed=true#?secret=sWrwtwbeZZ#?secret=ITOzdcvRGR\" data-secret=\"ITOzdcvRGR\" width=\"600\" height=\"338\" frameborder=\"0\" marginwidth=\"0\" marginheight=\"0\" scrolling=\"no\"><\/iframe>\n<\/div><\/figure>\n<\/div>\n\n\n\n<div class=\"wp-block-column is-layout-flow wp-block-column-is-layout-flow\">\n<figure class=\"wp-block-embed is-type-wp-embed is-provider-sensor-arrays wp-block-embed-sensor-arrays\"><div class=\"wp-block-embed__wrapper\">\n<blockquote class=\"wp-embedded-content\" data-secret=\"cz7IffnaiT\"><a href=\"https:\/\/sensorarrays.com.pl\/?p=742\">El\u017cbieta&#8217;s publication featured on a cover of ACS Omega<\/a><\/blockquote><iframe loading=\"lazy\" class=\"wp-embedded-content\" sandbox=\"allow-scripts\" security=\"restricted\" style=\"position: absolute; visibility: hidden;\" title=\"&#8220;El\u017cbieta&#8217;s publication featured on a cover of ACS Omega&#8221; &#8212; Sensor Arrays\" src=\"https:\/\/sensorarrays.com.pl\/?p=742&#038;embed=true#?secret=7vHwBtLuzi#?secret=cz7IffnaiT\" data-secret=\"cz7IffnaiT\" width=\"600\" height=\"338\" frameborder=\"0\" marginwidth=\"0\" marginheight=\"0\" scrolling=\"no\"><\/iframe>\n<\/div><\/figure>\n<\/div>\n\n\n\n<div class=\"wp-block-column is-layout-flow wp-block-column-is-layout-flow\">\n<figure class=\"wp-block-embed is-type-wp-embed is-provider-sensor-arrays wp-block-embed-sensor-arrays\"><div class=\"wp-block-embed__wrapper\">\n<blockquote class=\"wp-embedded-content\" data-secret=\"ZNRBJYt3Ft\"><a href=\"https:\/\/sensorarrays.com.pl\/?p=776\">Karthika&#8217;s presentation at the Dornburg Doctoral Seminar in Thuringia<\/a><\/blockquote><iframe loading=\"lazy\" class=\"wp-embedded-content\" sandbox=\"allow-scripts\" security=\"restricted\" style=\"position: absolute; visibility: hidden;\" title=\"&#8220;Karthika&#8217;s presentation at the Dornburg Doctoral Seminar in Thuringia&#8221; &#8212; Sensor Arrays\" src=\"https:\/\/sensorarrays.com.pl\/?p=776&#038;embed=true#?secret=BhO8EEWL7Z#?secret=ZNRBJYt3Ft\" data-secret=\"ZNRBJYt3Ft\" width=\"600\" height=\"338\" frameborder=\"0\" marginwidth=\"0\" marginheight=\"0\" scrolling=\"no\"><\/iframe>\n<\/div><\/figure>\n<\/div>\n<\/div>\n\n\n\n<div class=\"wp-block-columns is-layout-flex wp-container-core-columns-is-layout-9d6595d7 wp-block-columns-is-layout-flex\">\n<div class=\"wp-block-column is-layout-flow wp-block-column-is-layout-flow\">\n<figure class=\"wp-block-embed is-type-wp-embed is-provider-sensor-arrays wp-block-embed-sensor-arrays\"><div class=\"wp-block-embed__wrapper\">\n<blockquote class=\"wp-embedded-content\" data-secret=\"o6E8mExaDM\"><a href=\"https:\/\/sensorarrays.com.pl\/?p=789\">El\u017cbieta&#8217;s research stay at Mackgraphe -Brazil<\/a><\/blockquote><iframe loading=\"lazy\" class=\"wp-embedded-content\" sandbox=\"allow-scripts\" security=\"restricted\" style=\"position: absolute; visibility: hidden;\" title=\"&#8220;El\u017cbieta&#8217;s research stay at Mackgraphe -Brazil&#8221; &#8212; Sensor Arrays\" src=\"https:\/\/sensorarrays.com.pl\/?p=789&#038;embed=true#?secret=oMrU42SnN7#?secret=o6E8mExaDM\" data-secret=\"o6E8mExaDM\" width=\"600\" height=\"338\" frameborder=\"0\" marginwidth=\"0\" marginheight=\"0\" scrolling=\"no\"><\/iframe>\n<\/div><\/figure>\n<\/div>\n\n\n\n<div class=\"wp-block-column is-layout-flow wp-block-column-is-layout-flow\">\n<figure class=\"wp-block-embed\"><div class=\"wp-block-embed__wrapper\">\n<blockquote class=\"wp-embedded-content\" data-secret=\"7IWMGDNtC3\"><a href=\"https:\/\/sensorarrays.com.pl\/?p=841\">Participating and Co-organizing the STER Summer School in Redox Processes<\/a><\/blockquote><iframe loading=\"lazy\" class=\"wp-embedded-content\" sandbox=\"allow-scripts\" security=\"restricted\" style=\"position: absolute; visibility: hidden;\" title=\"&#8220;Participating and Co-organizing the STER Summer School in Redox Processes&#8221; &#8212; Sensor Arrays\" src=\"https:\/\/sensorarrays.com.pl\/?p=841&#038;embed=true#?secret=GHbk9C6goi#?secret=7IWMGDNtC3\" data-secret=\"7IWMGDNtC3\" width=\"600\" height=\"338\" frameborder=\"0\" marginwidth=\"0\" marginheight=\"0\" scrolling=\"no\"><\/iframe>\n<\/div><\/figure>\n<\/div>\n\n\n\n<div class=\"wp-block-column is-layout-flow wp-block-column-is-layout-flow\">\n<figure class=\"wp-block-embed is-type-wp-embed is-provider-sensor-arrays wp-block-embed-sensor-arrays\"><div class=\"wp-block-embed__wrapper\">\n<blockquote class=\"wp-embedded-content\" data-secret=\"lI70AElQoP\"><a href=\"https:\/\/sensorarrays.com.pl\/?p=877\">El\u017cbieta, Karthika and Emilia at Knowledge transfer seminar in Gda\u0144sk<\/a><\/blockquote><iframe loading=\"lazy\" class=\"wp-embedded-content\" sandbox=\"allow-scripts\" security=\"restricted\" style=\"position: absolute; visibility: hidden;\" title=\"&#8220;El\u017cbieta, Karthika and Emilia at Knowledge transfer seminar in Gda\u0144sk&#8221; &#8212; Sensor Arrays\" src=\"https:\/\/sensorarrays.com.pl\/?p=877&#038;embed=true#?secret=M4FqiT87dq#?secret=lI70AElQoP\" data-secret=\"lI70AElQoP\" width=\"600\" height=\"338\" frameborder=\"0\" marginwidth=\"0\" marginheight=\"0\" scrolling=\"no\"><\/iframe>\n<\/div><\/figure>\n<\/div>\n<\/div>\n","protected":false},"excerpt":{"rendered":"<p>Polish title: Tr\u00f3jwymiarowe pod\u0142o\u017ca ze zintegrowanym multielektrodowym uk\u0142adem pomiarowym do zastosowa\u0144 w hodowlach kom\u00f3rkowych i farmacji Funding source:&nbsp;The National Centre for Research and Development (NCBR) Project number:&nbsp;LIDER\/38\/0138\/L-9\/17\/NCBR\/2018 PI:&nbsp;Emilia Witkowska Nery Total funding:&nbsp;1 194&nbsp; 993,75 PLN Short&nbsp;description: 3D cell cultures play a critical role in real time studies of mammalian physiology at a cellular level and&#8230;<\/p>\n","protected":false},"author":1,"featured_media":0,"parent":0,"menu_order":0,"comment_status":"closed","ping_status":"closed","template":"","meta":{"footnotes":""},"class_list":["post-998","page","type-page","status-publish","hentry"],"_links":{"self":[{"href":"https:\/\/sensorarrays.com.pl\/index.php?rest_route=\/wp\/v2\/pages\/998","targetHints":{"allow":["GET"]}}],"collection":[{"href":"https:\/\/sensorarrays.com.pl\/index.php?rest_route=\/wp\/v2\/pages"}],"about":[{"href":"https:\/\/sensorarrays.com.pl\/index.php?rest_route=\/wp\/v2\/types\/page"}],"author":[{"embeddable":true,"href":"https:\/\/sensorarrays.com.pl\/index.php?rest_route=\/wp\/v2\/users\/1"}],"replies":[{"embeddable":true,"href":"https:\/\/sensorarrays.com.pl\/index.php?rest_route=%2Fwp%2Fv2%2Fcomments&post=998"}],"version-history":[{"count":5,"href":"https:\/\/sensorarrays.com.pl\/index.php?rest_route=\/wp\/v2\/pages\/998\/revisions"}],"predecessor-version":[{"id":1023,"href":"https:\/\/sensorarrays.com.pl\/index.php?rest_route=\/wp\/v2\/pages\/998\/revisions\/1023"}],"wp:attachment":[{"href":"https:\/\/sensorarrays.com.pl\/index.php?rest_route=%2Fwp%2Fv2%2Fmedia&parent=998"}],"curies":[{"name":"wp","href":"https:\/\/api.w.org\/{rel}","templated":true}]}}